{"id":7,"date":"2025-11-06T20:43:04","date_gmt":"2025-11-06T20:43:04","guid":{"rendered":"https:\/\/kamereon-dev.local:49518\/?page_id=7"},"modified":"2026-01-31T18:37:51","modified_gmt":"2026-01-31T18:37:51","slug":"7-2","status":"publish","type":"page","link":"https:\/\/revamp.bestmate.fr\/","title":{"rendered":"Editorial"},"content":{"rendered":"\n\n\n\n\n  \n\n\n<section\n  id=\"\"\n  class=\"block block--editorial py-12 md:py-20\"\n>\n  <div class=\"block__container container\">\n    \n        <header class=\"p-7 flex flex-col items-center text-center\">\n              \n\n\n  <div class=\"c-heading__wrapper\">\n          <p class=\"c-heading__subtitle text-sm font-semibold tracking-wide text-muted-foreground uppercase\">\n        Test editorial\n      <\/p>\n    \n          <h2 class=\"c-heading\"\n              >\n        Test editorial \n      <\/h2>\n      <\/div>\n      \n              \n\n\n\n  \n  <div class=\"o-rte font-body space-y-6 prose prose-sm text-gray-700\">\n    <p>Lorem ipsum dolor sit amet, consectetur adipiscing elit. Etiam vestibulum mi nibh, non aliquet lorem suscipit eget. Fusce et lectus vitae metus convallis interdum at ac orci. Integer porta tellus nec purus placerat, et feugiat tellus vestibulum. Nunc eu felis porttitor, iaculis erat quis, bibendum tellus. Nulla facilisi. Mauris mollis elit a eleifend pretium. Sed tincidunt elit ac nulla euismod, at dictum nisi mattis. Pellentesque vulputate ipsum nec semper pretium. Suspendisse id ex nec lectus pulvinar iaculis ac non urna. Proin eget viverra ante. Duis faucibus dolor nisl, vel bibendum nunc viverra id. Pellentesque varius consectetur nunc eget auctor. Vivamus aliquam maximus nibh id placerat. Quisque aliquet placerat sapien, ut vestibulum orci sodales in. Proin pharetra mollis ipsum sed sagittis. Proin vulputate elit orci, vel porta ante gravida et<\/p>\n\n  <\/div>\n      \n              <div class=\"mt-4\">\n          \n\n\t\t\t\t\t\t\t\t\t\t\t\t\t\t\t\n\t<ul class=\"c-pills \" >\n\t\t\t\t\t<li class=\"c-pill\">\n\t\t\t\t<span class=\"c-pill__inner\">\n\t\t\t\t\tTest\n\t\t\t\t<\/span>\n\t\t\t<\/li>\n\t\t\t\t\t<li class=\"c-pill\">\n\t\t\t\t<span class=\"c-pill__inner\">\n\t\t\t\t\tSur mesure\n\t\t\t\t<\/span>\n\t\t\t<\/li>\n\t\t\t\t\t<li class=\"c-pill\">\n\t\t\t\t<span class=\"c-pill__inner\">\n\t\t\t\t\tPills par ligne\n\t\t\t\t<\/span>\n\t\t\t<\/li>\n\t\t\t<\/ul>\n        <\/div>\n          <\/header>\n  \n        <div class=\"b-editorial\">\n              \n\n\n<div class=\" md:grid c-two-column py-7 gap-8 md:grid-cols-2 items-center\">\n\n\t<div class=\"w-full md:order-1\">\n\t\t      \n\n\t<figure\n\t\tclass=\"c-figure  relative w-full overflow-hidden rounded-xl\">\n\n\t\t\t\t\n\t\t\t\t\t\t\t\t\t\t<div class=\"swiper w-full h-full\" data-module=\"swiper\" data-module-options='{\"slidesPerView\":1,\"autoplay\":false}' data-on-view=\"\" data-on-click=\"\">\n\t\t\t\t\t<div class=\"swiper-wrapper\">\n\t\t\t\t\t\t\t\t\t\t\t\t\t<div class=\"swiper-slide\">\n\t\t\t\t\t\t\t\t\t\t\t\t\t\t\t\t\t\n\n  <img decoding=\"async\" width=\"1024\" height=\"559\" src=\"https:\/\/revamp.bestmate.fr\/wp-content\/uploads\/2025\/11\/Gemini_Generated_Image_8ihjqi8ihjqi8ihj-1024x559.png\" class=\"w-full object-cover h-full w-full\" alt=\"\" style=\"aspect-ratio: 3\/4;\" loading=\"lazy\" sizes=\"auto, (max-width: 768px) 100vw, 50vw\" srcset=\"https:\/\/revamp.bestmate.fr\/wp-content\/uploads\/2025\/11\/Gemini_Generated_Image_8ihjqi8ihjqi8ihj-1024x559.png 1024w, https:\/\/revamp.bestmate.fr\/wp-content\/uploads\/2025\/11\/Gemini_Generated_Image_8ihjqi8ihjqi8ihj-300x164.png 300w, https:\/\/revamp.bestmate.fr\/wp-content\/uploads\/2025\/11\/Gemini_Generated_Image_8ihjqi8ihjqi8ihj-768x419.png 768w, https:\/\/revamp.bestmate.fr\/wp-content\/uploads\/2025\/11\/Gemini_Generated_Image_8ihjqi8ihjqi8ihj-1536x838.png 1536w, https:\/\/revamp.bestmate.fr\/wp-content\/uploads\/2025\/11\/Gemini_Generated_Image_8ihjqi8ihjqi8ihj-2048x1117.png 2048w\" \/>\n\t\t\t\t\t\t\t\t\t\t\t\t\t\t\t<\/div>\n\t\t\t\t\t\t\t\t\t\t\t\t\t<div class=\"swiper-slide\">\n\t\t\t\t\t\t\t\t\t\t\t\t\t\t\t\t\t\n\n  <img decoding=\"async\" width=\"765\" height=\"1024\" src=\"https:\/\/revamp.bestmate.fr\/wp-content\/uploads\/2025\/11\/Gemini_Generated_Image_sowy5esowy5esowy-765x1024.png\" class=\"w-full object-cover h-full w-full\" alt=\"\" style=\"aspect-ratio: 3\/4;\" loading=\"lazy\" sizes=\"auto, (max-width: 768px) 100vw, 50vw\" srcset=\"https:\/\/revamp.bestmate.fr\/wp-content\/uploads\/2025\/11\/Gemini_Generated_Image_sowy5esowy5esowy-765x1024.png 765w, https:\/\/revamp.bestmate.fr\/wp-content\/uploads\/2025\/11\/Gemini_Generated_Image_sowy5esowy5esowy-224x300.png 224w, https:\/\/revamp.bestmate.fr\/wp-content\/uploads\/2025\/11\/Gemini_Generated_Image_sowy5esowy5esowy-768x1029.png 768w, https:\/\/revamp.bestmate.fr\/wp-content\/uploads\/2025\/11\/Gemini_Generated_Image_sowy5esowy5esowy-1147x1536.png 1147w, https:\/\/revamp.bestmate.fr\/wp-content\/uploads\/2025\/11\/Gemini_Generated_Image_sowy5esowy5esowy-1529x2048.png 1529w, https:\/\/revamp.bestmate.fr\/wp-content\/uploads\/2025\/11\/Gemini_Generated_Image_sowy5esowy5esowy.png 1792w\" \/>\n\t\t\t\t\t\t\t\t\t\t\t\t\t\t\t<\/div>\n\t\t\t\t\t\t\t\t\t\t\t<\/div>\n\t\t\t\t\t\t\t\t\t\t<div class=\"swiper-pagination\"><\/div>\n\t\t\t\t\t<button class=\"swiper-button-prev\" type=\"button\" aria-label=\"Previous\"><\/button>\n\t\t\t\t\t<button class=\"swiper-button-next\" type=\"button\" aria-label=\"Next\"><\/button>\n\t\t\t\t<\/div>\n\t\t\t\n\t\t\t<\/figure>\n  \n\t<\/div>\n\n\t<div class=\"w-full flex flex-col gap-y-5 md:order-2\">\n\t\t\n      <figure class=\"w-12 h-12 rounded-full bg-gray-100 flex items-center justify-center overflow-hidden\">\n               <svg class=\"w-8 h-8\" xmlns=\"http:\/\/www.w3.org\/2000\/svg\" viewBox=\"0 0 384 512\"><path fill=\"currentColor\" d=\"M315.6 215.4c11.7-32.6 45.4-126.9 45.4-157.1 0-26.6-15.7-48.9-43.7-48.9-44.6 0-84.6 131.7-97.1 163.1-9.7-28.5-55.1-172.5-95.1-172.5-31.1 0-45.7 22.9-45.7 51.7 0 35.3 34.2 126.8 46.6 162-6.3-2.3-13.1-4.3-20-4.3-23.4 0-48.3 29.1-48.3 52.6 0 8.9 4.9 21.4 8 29.7-36.9 10-51.1 34.6-51.1 71.7-.1 72.2 68.3 148.6 164.5 148.6 118 0 191.4-88.6 191.4-202.9 0-43.1-6.9-82-54.9-93.7zM280.2 108c4-12.3 21.1-64.3 37.1-64.3 8.6 0 10.9 8.9 10.9 16 0 19.1-38.6 124.6-47.1 148l-34-6 33.1-93.7zM110.8 48.3c0-11.9 14.5-45.7 46.3 47.1l34.6 100.3c-15.6-1.3-27.7-3-35.4 1.4-10.9-28.8-45.5-119.7-45.5-148.8zM108.5 244c29.3 0 67.1 94.6 67.1 107.4 0 5.1-4.9 11.4-10.6 11.4-20.9 0-76.9-76.9-76.9-97.7 .1-7.7 12.7-21.1 20.4-21.1zM292.8 430.3c-29.1 32-66.3 48.6-109.7 48.6-59.4 0-106.3-32.6-128.9-88.3-17.1-43.4 3.8-68.3 20.6-68.3 11.4 0 54.3 60.3 54.3 73.1 0 4.9-7.7 8.3-11.7 8.3-16.1 0-22.4-15.5-51.1-51.4-29.7 29.7 20.5 86.9 58.3 86.9 26.1 0 43.1-24.2 38-42 3.7 0 8.3 .3 11.7-.6 1.1 27.1 9.1 59.4 41.7 61.7 0-.9 2-7.1 2-7.4 0-17.4-10.6-32.6-10.6-50.3 0-28.3 21.7-55.7 43.7-71.7 8-6 17.7-9.7 27.1-13.1 9.7-3.7 20-8 27.4-15.4-1.1-11.2-5.7-21.1-16.9-21.1-27.7 0-120.6 4-120.6-39.7 0-6.7 .1-13.1 17.4-13.1 32.3 0 114.3 8 138.3 29.1 18.1 16.1 24.3 113.2-31 174.7zm-98.6-126c9.7 3.1 19.7 4 29.7 6-7.4 5.4-14 12-20.3 19.1-2.8-8.5-6.2-16.8-9.4-25.1z\"><\/path><\/svg> \n          <\/figure>\n  \n        \n\n\n  <div class=\"c-heading__wrapper\">\n          <p class=\"c-heading__subtitle text-sm font-semibold tracking-wide text-muted-foreground uppercase\">\n        Relax yourself\n      <\/p>\n    \n          <h3 class=\"c-heading\"\n              >\n        Discover our SPA\n      <\/h3>\n      <\/div>\n  \n        \n\n\t\t\t\t\t\t\t\t\t\t\t\t\t\t\t\n\t<ul class=\"c-pills \" >\n\t\t\t\t\t<li class=\"c-pill\">\n\t\t\t\t<span class=\"c-pill__inner\">\n\t\t\t\t\tTest\n\t\t\t\t<\/span>\n\t\t\t<\/li>\n\t\t\t\t\t<li class=\"c-pill\">\n\t\t\t\t<span class=\"c-pill__inner\">\n\t\t\t\t\tFar\n\t\t\t\t<\/span>\n\t\t\t<\/li>\n\t\t\t\t\t<li class=\"c-pill\">\n\t\t\t\t<span class=\"c-pill__inner\">\n\t\t\t\t\tAway\n\t\t\t\t<\/span>\n\t\t\t<\/li>\n\t\t\t<\/ul>\n  \n        \n\n\n\n  \n  <div class=\"o-rte font-body space-y-6\">\n    <p>Notre espace Spa &amp; Bien-\u00eatre est con\u00e7u pour vous offrir une \u00e9vasion compl\u00e8te du quotidien : baln\u00e9oth\u00e9rapie, sauna, lit hydro-massant, si\u00e8ge massant, fitness, massage signature\u2026<\/p>\n\n  <\/div>\n  \n      <div class=\"flex flex-wrap gap-3\">\n                \n\n\n\n\n\n  \n\n                      \n                      \n\n<a\n  class=\"c-button c-button--primary-fill c-button--lg\"\n   href=\"#\" target=\"_self\"\n>\n      <span class=\"c-button__icon c-button__icon--left\"><svg class=\"w-4 h-4\" xmlns=\"http:\/\/www.w3.org\/2000\/svg\" viewBox=\"0 0 512 512\"><!--! Font Awesome Pro 7.1.0 by @fontawesome - https:\/\/fontawesome.com License - https:\/\/fontawesome.com\/license (Commercial License) Copyright 2025 Fonticons, Inc. --><path fill=\"currentColor\" d=\"M505 273c9.4-9.4 9.4-24.6 0-33.9L337 71c-9.4-9.4-24.6-9.4-33.9 0s-9.4 24.6 0 33.9l127 127-406.1 0c-13.3 0-24 10.7-24 24s10.7 24 24 24l406.1 0-127 127c-9.4 9.4-9.4 24.6 0 33.9s24.6 9.4 33.9 0L505 273z\"\/><\/svg><\/span>\n  \n      <span>\n      Discover\n    <\/span>\n  \n      <span class=\"c-button__icon c-button__icon--right\"><svg class=\"w-4 h-4\" xmlns=\"http:\/\/www.w3.org\/2000\/svg\" viewBox=\"0 0 448 512\"><!--! Font Awesome Pro 7.1.0 by @fontawesome - https:\/\/fontawesome.com License - https:\/\/fontawesome.com\/license (Commercial License) Copyright 2025 Fonticons, Inc. --><path fill=\"currentColor\" d=\"M207.5 409c9.4 9.4 24.6 9.4 33.9 0l200-200c9.4-9.4 9.4-24.6 0-33.9s-24.6-9.4-33.9 0l-183 183-183-183c-9.4-9.4-24.6-9.4-33.9 0s-9.4 24.6 0 33.9l200 200z\"\/><\/svg><\/span>\n  <\/a>\n          <\/div>\n  \n\n\t<\/div>\n\n<\/div>\n              \n\n\n<div class=\" md:grid c-two-column py-7 gap-8 md:grid-cols-2 items-center\">\n\n\t<div class=\"w-full md:order-2\">\n\t\t      \n\n\t<figure\n\t\tclass=\"c-figure  relative w-full overflow-hidden rounded-xl\">\n\n\t\t\t\t\t\t\t\t\t\t\t\t\t\t\n\n<video \n  src=\"https:\/\/revamp.bestmate.fr\/wp-content\/uploads\/2025\/11\/14730102_1080_1920_30fps.mp4\"\n    class=\"w-full h-auto object-cover \"\n  autoplay playsinline  loop  muted    loading=\"lazy\"\n><\/video>\n\t\t\t\n\t\t\t\t\t\t<\/figure>\n  \n\t<\/div>\n\n\t<div class=\"w-full flex flex-col gap-y-5 md:order-1\">\n\t\t\n      <figure class=\"w-12 h-12 rounded-full bg-gray-100 flex items-center justify-center overflow-hidden\">\n               <svg class=\"w-8 h-8\" xmlns=\"http:\/\/www.w3.org\/2000\/svg\" viewBox=\"0 0 384 512\"><path fill=\"currentColor\" d=\"M315.6 215.4c11.7-32.6 45.4-126.9 45.4-157.1 0-26.6-15.7-48.9-43.7-48.9-44.6 0-84.6 131.7-97.1 163.1-9.7-28.5-55.1-172.5-95.1-172.5-31.1 0-45.7 22.9-45.7 51.7 0 35.3 34.2 126.8 46.6 162-6.3-2.3-13.1-4.3-20-4.3-23.4 0-48.3 29.1-48.3 52.6 0 8.9 4.9 21.4 8 29.7-36.9 10-51.1 34.6-51.1 71.7-.1 72.2 68.3 148.6 164.5 148.6 118 0 191.4-88.6 191.4-202.9 0-43.1-6.9-82-54.9-93.7zM280.2 108c4-12.3 21.1-64.3 37.1-64.3 8.6 0 10.9 8.9 10.9 16 0 19.1-38.6 124.6-47.1 148l-34-6 33.1-93.7zM110.8 48.3c0-11.9 14.5-45.7 46.3 47.1l34.6 100.3c-15.6-1.3-27.7-3-35.4 1.4-10.9-28.8-45.5-119.7-45.5-148.8zM108.5 244c29.3 0 67.1 94.6 67.1 107.4 0 5.1-4.9 11.4-10.6 11.4-20.9 0-76.9-76.9-76.9-97.7 .1-7.7 12.7-21.1 20.4-21.1zM292.8 430.3c-29.1 32-66.3 48.6-109.7 48.6-59.4 0-106.3-32.6-128.9-88.3-17.1-43.4 3.8-68.3 20.6-68.3 11.4 0 54.3 60.3 54.3 73.1 0 4.9-7.7 8.3-11.7 8.3-16.1 0-22.4-15.5-51.1-51.4-29.7 29.7 20.5 86.9 58.3 86.9 26.1 0 43.1-24.2 38-42 3.7 0 8.3 .3 11.7-.6 1.1 27.1 9.1 59.4 41.7 61.7 0-.9 2-7.1 2-7.4 0-17.4-10.6-32.6-10.6-50.3 0-28.3 21.7-55.7 43.7-71.7 8-6 17.7-9.7 27.1-13.1 9.7-3.7 20-8 27.4-15.4-1.1-11.2-5.7-21.1-16.9-21.1-27.7 0-120.6 4-120.6-39.7 0-6.7 .1-13.1 17.4-13.1 32.3 0 114.3 8 138.3 29.1 18.1 16.1 24.3 113.2-31 174.7zm-98.6-126c9.7 3.1 19.7 4 29.7 6-7.4 5.4-14 12-20.3 19.1-2.8-8.5-6.2-16.8-9.4-25.1z\"><\/path><\/svg> \n          <\/figure>\n  \n        \n\n\n  <div class=\"c-heading__wrapper\">\n          <p class=\"c-heading__subtitle text-sm font-semibold tracking-wide text-muted-foreground uppercase\">\n        Improve your workflow\n      <\/p>\n    \n          <h3 class=\"c-heading\"\n              >\n        Get the best out of your day\n      <\/h3>\n      <\/div>\n  \n    \n    \n      <div class=\"flex flex-wrap gap-3\">\n                \n\n\n\n\n\n  \n\n  \n  \n\n<a\n  class=\"c-button c-button--primary-outline c-button--lg\"\n   href=\"#\" target=\"_self\"\n>\n  \n      <span>\n      Discover\n    <\/span>\n  \n  <\/a>\n          <\/div>\n  \n\n\t<\/div>\n\n<\/div>\n              \n\n\n<div class=\" md:grid c-two-column py-7 gap-8 md:grid-cols-2 items-center\">\n\n\t<div class=\"w-full md:order-1\">\n\t\t      \n\n\t<figure\n\t\tclass=\"c-figure  relative w-full overflow-hidden rounded-xl\">\n\n\t\t\t\t\t\t\t\t\t\t\t\t\t\t\n\n  <img decoding=\"async\" width=\"765\" height=\"1024\" src=\"https:\/\/revamp.bestmate.fr\/wp-content\/uploads\/2025\/11\/Gemini_Generated_Image_sowy5esowy5esowy-765x1024.png\" class=\"w-full object-cover \" alt=\"\" style=\"aspect-ratio: 3\/4;\" loading=\"lazy\" sizes=\"auto, (max-width: 768px) 100vw, 50vw\" srcset=\"https:\/\/revamp.bestmate.fr\/wp-content\/uploads\/2025\/11\/Gemini_Generated_Image_sowy5esowy5esowy-765x1024.png 765w, https:\/\/revamp.bestmate.fr\/wp-content\/uploads\/2025\/11\/Gemini_Generated_Image_sowy5esowy5esowy-224x300.png 224w, https:\/\/revamp.bestmate.fr\/wp-content\/uploads\/2025\/11\/Gemini_Generated_Image_sowy5esowy5esowy-768x1029.png 768w, https:\/\/revamp.bestmate.fr\/wp-content\/uploads\/2025\/11\/Gemini_Generated_Image_sowy5esowy5esowy-1147x1536.png 1147w, https:\/\/revamp.bestmate.fr\/wp-content\/uploads\/2025\/11\/Gemini_Generated_Image_sowy5esowy5esowy-1529x2048.png 1529w, https:\/\/revamp.bestmate.fr\/wp-content\/uploads\/2025\/11\/Gemini_Generated_Image_sowy5esowy5esowy.png 1792w\" \/>\n\t\t\t\n\t\t\t\t\t\t<\/figure>\n  \n\t<\/div>\n\n\t<div class=\"w-full flex flex-col gap-y-5 md:order-2\">\n\t\t\n      <figure class=\"w-12 h-12 rounded-full bg-gray-100 flex items-center justify-center overflow-hidden\">\n               <svg class=\"w-8 h-8\" xmlns=\"http:\/\/www.w3.org\/2000\/svg\" viewBox=\"0 0 384 512\"><path fill=\"currentColor\" d=\"M315.6 215.4c11.7-32.6 45.4-126.9 45.4-157.1 0-26.6-15.7-48.9-43.7-48.9-44.6 0-84.6 131.7-97.1 163.1-9.7-28.5-55.1-172.5-95.1-172.5-31.1 0-45.7 22.9-45.7 51.7 0 35.3 34.2 126.8 46.6 162-6.3-2.3-13.1-4.3-20-4.3-23.4 0-48.3 29.1-48.3 52.6 0 8.9 4.9 21.4 8 29.7-36.9 10-51.1 34.6-51.1 71.7-.1 72.2 68.3 148.6 164.5 148.6 118 0 191.4-88.6 191.4-202.9 0-43.1-6.9-82-54.9-93.7zM280.2 108c4-12.3 21.1-64.3 37.1-64.3 8.6 0 10.9 8.9 10.9 16 0 19.1-38.6 124.6-47.1 148l-34-6 33.1-93.7zM110.8 48.3c0-11.9 14.5-45.7 46.3 47.1l34.6 100.3c-15.6-1.3-27.7-3-35.4 1.4-10.9-28.8-45.5-119.7-45.5-148.8zM108.5 244c29.3 0 67.1 94.6 67.1 107.4 0 5.1-4.9 11.4-10.6 11.4-20.9 0-76.9-76.9-76.9-97.7 .1-7.7 12.7-21.1 20.4-21.1zM292.8 430.3c-29.1 32-66.3 48.6-109.7 48.6-59.4 0-106.3-32.6-128.9-88.3-17.1-43.4 3.8-68.3 20.6-68.3 11.4 0 54.3 60.3 54.3 73.1 0 4.9-7.7 8.3-11.7 8.3-16.1 0-22.4-15.5-51.1-51.4-29.7 29.7 20.5 86.9 58.3 86.9 26.1 0 43.1-24.2 38-42 3.7 0 8.3 .3 11.7-.6 1.1 27.1 9.1 59.4 41.7 61.7 0-.9 2-7.1 2-7.4 0-17.4-10.6-32.6-10.6-50.3 0-28.3 21.7-55.7 43.7-71.7 8-6 17.7-9.7 27.1-13.1 9.7-3.7 20-8 27.4-15.4-1.1-11.2-5.7-21.1-16.9-21.1-27.7 0-120.6 4-120.6-39.7 0-6.7 .1-13.1 17.4-13.1 32.3 0 114.3 8 138.3 29.1 18.1 16.1 24.3 113.2-31 174.7zm-98.6-126c9.7 3.1 19.7 4 29.7 6-7.4 5.4-14 12-20.3 19.1-2.8-8.5-6.2-16.8-9.4-25.1z\"><\/path><\/svg> \n          <\/figure>\n  \n        \n\n\n  <div class=\"c-heading__wrapper\">\n          <p class=\"c-heading__subtitle text-sm font-semibold tracking-wide text-muted-foreground uppercase\">\n        Here we are\n      <\/p>\n    \n          <h3 class=\"c-heading\"\n              >\n        Nos s\u00e9minaires\n      <\/h3>\n      <\/div>\n  \n    \n        \n\n\n\n  \n  <div class=\"o-rte font-body space-y-6\">\n    <p>Arriver au Domaine de Camboyer c\u2019est d\u2019abord \u00eatre accueilli par une\u00a0<strong>nature unique et luxuriante<\/strong>.<\/p>\n\n  <\/div>\n  \n      <div class=\"flex flex-wrap gap-3\">\n                \n\n\n\n\n\n  \n\n  \n  \n\n<a\n  class=\"c-button c-button--primary-fill c-button--lg\"\n   href=\"#\" target=\"_self\"\n>\n  \n      <span>\n      Obtenir un devis\n    <\/span>\n  \n  <\/a>\n                \n\n\n\n\n\n  \n\n  \n  \n\n<a\n  class=\"c-button c-button--primary-fill c-button--lg\"\n   href=\"#\" target=\"_self\"\n>\n  \n      <span>\n      Nos Espaces \u00c9v\u00e8nementiels\n    <\/span>\n  \n  <\/a>\n          <\/div>\n  \n\n\t<\/div>\n\n<\/div>\n          <\/div>\n  \n  <\/div>\n<\/section>\n\n\n<p><\/p>\n","protected":false},"excerpt":{"rendered":"","protected":false},"author":1,"featured_media":0,"parent":0,"menu_order":0,"comment_status":"closed","ping_status":"closed","template":"","meta":{"_acf_changed":false,"footnotes":""},"class_list":["post-7","page","type-page","status-publish","hentry"],"acf":[],"_links":{"self":[{"href":"https:\/\/revamp.bestmate.fr\/index.php?rest_route=\/wp\/v2\/pages\/7","targetHints":{"allow":["GET"]}}],"collection":[{"href":"https:\/\/revamp.bestmate.fr\/index.php?rest_route=\/wp\/v2\/pages"}],"about":[{"href":"https:\/\/revamp.bestmate.fr\/index.php?rest_route=\/wp\/v2\/types\/page"}],"author":[{"embeddable":true,"href":"https:\/\/revamp.bestmate.fr\/index.php?rest_route=\/wp\/v2\/users\/1"}],"replies":[{"embeddable":true,"href":"https:\/\/revamp.bestmate.fr\/index.php?rest_route=%2Fwp%2Fv2%2Fcomments&post=7"}],"version-history":[{"count":52,"href":"https:\/\/revamp.bestmate.fr\/index.php?rest_route=\/wp\/v2\/pages\/7\/revisions"}],"predecessor-version":[{"id":99,"href":"https:\/\/revamp.bestmate.fr\/index.php?rest_route=\/wp\/v2\/pages\/7\/revisions\/99"}],"wp:attachment":[{"href":"https:\/\/revamp.bestmate.fr\/index.php?rest_route=%2Fwp%2Fv2%2Fmedia&parent=7"}],"curies":[{"name":"wp","href":"https:\/\/api.w.org\/{rel}","templated":true}]}}